{"id":85,"date":"2017-11-30T23:24:57","date_gmt":"2017-11-30T22:24:57","guid":{"rendered":"http:\/\/preprod.asso-online.fr\/?page_id=85"},"modified":"2025-09-01T14:35:12","modified_gmt":"2025-09-01T12:35:12","slug":"infos-pratiques","status":"publish","type":"page","link":"https:\/\/asvlb.fr\/index.php\/infos-pratiques\/","title":{"rendered":"Infos Pratiques"},"content":{"rendered":"\t\t<div data-elementor-type=\"wp-post\" data-elementor-id=\"85\" class=\"elementor elementor-85\">\n\t\t\t\t\t\t<section class=\"elementor-section elementor-top-section elementor-element elementor-element-414e4c74 elementor-section-boxed elementor-section-height-default elementor-section-height-default\" data-id=\"414e4c74\" data-element_type=\"section\">\n\t\t\t\t\t\t<div class=\"elementor-container elementor-column-gap-default\">\n\t\t\t\t\t<div class=\"elementor-column elementor-col-50 elementor-top-column elementor-element elementor-element-6a9d8e7\" data-id=\"6a9d8e7\" data-element_type=\"column\">\n\t\t\t<div class=\"elementor-widget-wrap elementor-element-populated\">\n\t\t\t\t\t\t<div class=\"elementor-element elementor-element-878d465 elementor-widget elementor-widget-text-editor\" data-id=\"878d465\" data-element_type=\"widget\" data-widget_type=\"text-editor.default\">\n\t\t\t\t<div class=\"elementor-widget-container\">\n\t\t\t\t\t\t\t\t\t<h1>Aides financi\u00e8res<\/h1><p>Afin de promouvoir la pratique d&rsquo;activit\u00e9s sportives et culturelles par les enfants de la Commune,<u>\u00a0<strong>la Municipalit\u00e9 octroie des aides financi\u00e8res dans la limite de 2 activit\u00e9s par enfant et par an.<\/strong><\/u><strong>\u00a0<\/strong><br \/>Elles s&rsquo;appliquent pour les jeunes domicili\u00e9s \u00e0 Villiers le B\u00e2cle, \u00e2g\u00e9s de moins de 18 ans, prolong\u00e9es \u00e0 21 ans si l&rsquo;int\u00e9ress\u00e9 &#8211; sans activit\u00e9 &#8211; est \u00e0 la charge de ses parents.<\/p>\t\t\t\t\t\t\t\t<\/div>\n\t\t\t\t<\/div>\n\t\t\t\t\t<\/div>\n\t\t<\/div>\n\t\t\t\t<div class=\"elementor-column elementor-col-50 elementor-top-column elementor-element elementor-element-11bb168f\" data-id=\"11bb168f\" data-element_type=\"column\">\n\t\t\t<div class=\"elementor-widget-wrap elementor-element-populated\">\n\t\t\t\t\t\t<div class=\"elementor-element elementor-element-5e5e4cdf elementor-widget elementor-widget-text-editor\" data-id=\"5e5e4cdf\" data-element_type=\"widget\" data-widget_type=\"text-editor.default\">\n\t\t\t\t<div class=\"elementor-widget-container\">\n\t\t\t\t\t\t\t\t\t<h1>Inscription<\/h1><p><span style=\"font-size: small;\">Les inscriptions se d\u00e9rouleront \u00e0 la Maison pour Tous lors du Forum des Associations.<\/span><\/p><p><span style=\"font-size: small;\">La cotisation ASVLB &#8211; comprise dans les tarifs des sections &#8211; est de 20 euros par adh\u00e9sion, et non par adh\u00e9rent. Pour les inscriptions en cours d&rsquo;ann\u00e9e, il faudra contacter directement les responsables des sections.\u00a0<\/span><\/p><p><span style=\"font-size: small;\">Certains documents ou justificatifs sont obligatoires pour s&rsquo;inscrire \u00e0 certaines disciplines ou activit\u00e9s. Sans ces documents, l&rsquo;inscription ne sera pas valid\u00e9e.<\/span><\/p><p><span style=\"font-family: verdana, sans-serif; font-size: small;\">Toutes les inscriptions sont pay\u00e9es en une seule fois \u00e0 la\u00a0<b>caisse centrale de l&rsquo;ASVLB du Forum<\/b>.\u00a0<\/span><\/p>\t\t\t\t\t\t\t\t<\/div>\n\t\t\t\t<\/div>\n\t\t\t\t\t<\/div>\n\t\t<\/div>\n\t\t\t\t\t<\/div>\n\t\t<\/section>\n\t\t\t\t<section class=\"elementor-section elementor-top-section elementor-element elementor-element-78b695b0 elementor-section-boxed elementor-section-height-default elementor-section-height-default\" data-id=\"78b695b0\" data-element_type=\"section\">\n\t\t\t\t\t\t<div class=\"elementor-container elementor-column-gap-default\">\n\t\t\t\t\t<div class=\"elementor-column elementor-col-50 elementor-top-column elementor-element elementor-element-3baa3c18\" data-id=\"3baa3c18\" data-element_type=\"column\">\n\t\t\t<div class=\"elementor-widget-wrap elementor-element-populated\">\n\t\t\t\t\t\t<div class=\"elementor-element elementor-element-7d292d29 elementor-widget elementor-widget-text-editor\" data-id=\"7d292d29\" data-element_type=\"widget\" data-widget_type=\"text-editor.default\">\n\t\t\t\t<div class=\"elementor-widget-container\">\n\t\t\t\t\t\t\t\t\t<h1>La participation communale<\/h1><p><span style=\"font-size: small;\">Cette \u00ab\u00a0participation communale\u00a0\u00bb &#8211; 25% de la cotisation &#8211; est directement vers\u00e9e \u00e0 l&rsquo;association. Les cotisations des sections ASVLB tiennent d\u00e9j\u00e0 compte de cet abattement. L&rsquo;ASVLB communiquera l&rsquo;identit\u00e9 et les coordonn\u00e9es des b\u00e9n\u00e9ficiaires \u00e0 la Mairie pour faire valoir cette participation.<\/span><\/p><p><span style=\"font-size: small;\">La Municipalit\u00e9 de Saint-Aubin verse la m\u00eame participation communale \u00e0 l&rsquo;association, les enfants de Saint-Aubin b\u00e9n\u00e9ficie donc des m\u00eames tarifs pour les activit\u00e9s qui ne sont pas propos\u00e9es par les associations de Saint-Aubin.<\/span><\/p><p><span style=\"font-size: small;\">Par contre, cette participation ne s&rsquo;applique pas aux enfants des autres communes, ni au-del\u00e0 de 2 activit\u00e9s pour les Villeb\u00e2clais : le plein tarif est alors appliqu\u00e9.<\/span><\/p><p><span style=\"font-size: small;\">Pour plus de d\u00e9tails : consulter les pages des sections.<\/span><\/p>\t\t\t\t\t\t\t\t<\/div>\n\t\t\t\t<\/div>\n\t\t\t\t\t<\/div>\n\t\t<\/div>\n\t\t\t\t<div class=\"elementor-column elementor-col-50 elementor-top-column elementor-element elementor-element-6510da39\" data-id=\"6510da39\" data-element_type=\"column\">\n\t\t\t<div class=\"elementor-widget-wrap elementor-element-populated\">\n\t\t\t\t\t\t<div class=\"elementor-element elementor-element-2c58a1fc elementor-widget elementor-widget-text-editor\" data-id=\"2c58a1fc\" data-element_type=\"widget\" data-widget_type=\"text-editor.default\">\n\t\t\t\t<div class=\"elementor-widget-container\">\n\t\t\t\t\t\t\t\t\t<h1>Transfert P\u00e9riscolaire<\/h1><p><span style=\"font-size: small;\">L&rsquo;ASVLB propose ,aux parents qui le souhaitent, d&rsquo;assurer le retour des enfants \u00e0 17:30 vers la garderie ou le centre de loisir : le lundi, le mardi, et le vendredi, \u00e9galement le mercredi apr\u00e8s-midi.<\/span><\/p><div><span style=\"font-size: small;\">Ce service est factur\u00e9 65\u20ac par famille pour le premier enfant et 40\u20ac par enfant suppl\u00e9mentaire pour l&rsquo;ann\u00e9e sportive.<\/span><\/div>\t\t\t\t\t\t\t\t<\/div>\n\t\t\t\t<\/div>\n\t\t\t\t\t<\/div>\n\t\t<\/div>\n\t\t\t\t\t<\/div>\n\t\t<\/section>\n\t\t\t\t<section class=\"elementor-section elementor-top-section elementor-element elementor-element-a9d51d8 elementor-section-boxed elementor-section-height-default elementor-section-height-default\" data-id=\"a9d51d8\" data-element_type=\"section\">\n\t\t\t\t\t\t<div class=\"elementor-container elementor-column-gap-default\">\n\t\t\t\t\t<div class=\"elementor-column elementor-col-50 elementor-top-column elementor-element elementor-element-f008bdf\" data-id=\"f008bdf\" data-element_type=\"column\">\n\t\t\t<div class=\"elementor-widget-wrap elementor-element-populated\">\n\t\t\t\t\t\t<div class=\"elementor-element elementor-element-e56edfb elementor-widget elementor-widget-text-editor\" data-id=\"e56edfb\" data-element_type=\"widget\" data-widget_type=\"text-editor.default\">\n\t\t\t\t<div class=\"elementor-widget-container\">\n\t\t\t\t\t\t\t\t\t<h1>Le quotient Familial<\/h1><p>Une participation \u00e9ventuelle du Centre Communal d&rsquo;Action Social (CCAS) au cout des activit\u00e9s de vos enfants est possible en fonction de votre Quotient Familial. Vous \u00eates invit\u00e9, muni de votre dernier avis d&rsquo;imposition, \u00e0 le faire calculer en Mairie<\/p>\t\t\t\t\t\t\t\t<\/div>\n\t\t\t\t<\/div>\n\t\t\t\t\t<\/div>\n\t\t<\/div>\n\t\t\t\t<div class=\"elementor-column elementor-col-50 elementor-top-column elementor-element elementor-element-5da2f63\" data-id=\"5da2f63\" data-element_type=\"column\">\n\t\t\t<div class=\"elementor-widget-wrap elementor-element-populated\">\n\t\t\t\t\t\t<div class=\"elementor-element elementor-element-70f59f7 elementor-widget elementor-widget-text-editor\" data-id=\"70f59f7\" data-element_type=\"widget\" data-widget_type=\"text-editor.default\">\n\t\t\t\t<div class=\"elementor-widget-container\">\n\t\t\t\t\t\t\t\t\t<h1>Les coupons ANCV<\/h1><p><span style=\"font-size: small;\">En cas de r\u00e8glement par coupon sport ANCV, une majoration de 1% pour frais de gestion sera appliqu\u00e9e.<\/span><\/p>\t\t\t\t\t\t\t\t<\/div>\n\t\t\t\t<\/div>\n\t\t\t\t\t<\/div>\n\t\t<\/div>\n\t\t\t\t\t<\/div>\n\t\t<\/section>\n\t\t\t\t<\/div>\n\t\t","protected":false},"excerpt":{"rendered":"<p>Aides financi\u00e8res Afin de promouvoir la pratique d&rsquo;activit\u00e9s sportives et culturelles par les enfants de la Commune,\u00a0la Municipalit\u00e9 octroie des aides financi\u00e8res dans la limite de 2 activit\u00e9s par enfant et par an.\u00a0Elles s&rsquo;appliquent pour les jeunes domicili\u00e9s \u00e0 Villiers le B\u00e2cle, \u00e2g\u00e9s de moins de 18 ans, prolong\u00e9es \u00e0 21 ans si l&rsquo;int\u00e9ress\u00e9 &#8211;<br \/><a class=\"moretag\" href=\"https:\/\/asvlb.fr\/index.php\/infos-pratiques\/\">+ Read More<\/a><\/p>\n","protected":false},"author":1,"featured_media":0,"parent":0,"menu_order":0,"comment_status":"closed","ping_status":"closed","template":"","meta":{"footnotes":""},"class_list":["post-85","page","type-page","status-publish","hentry"],"_links":{"self":[{"href":"https:\/\/asvlb.fr\/index.php\/wp-json\/wp\/v2\/pages\/85","targetHints":{"allow":["GET"]}}],"collection":[{"href":"https:\/\/asvlb.fr\/index.php\/wp-json\/wp\/v2\/pages"}],"about":[{"href":"https:\/\/asvlb.fr\/index.php\/wp-json\/wp\/v2\/types\/page"}],"author":[{"embeddable":true,"href":"https:\/\/asvlb.fr\/index.php\/wp-json\/wp\/v2\/users\/1"}],"replies":[{"embeddable":true,"href":"https:\/\/asvlb.fr\/index.php\/wp-json\/wp\/v2\/comments?post=85"}],"version-history":[{"count":10,"href":"https:\/\/asvlb.fr\/index.php\/wp-json\/wp\/v2\/pages\/85\/revisions"}],"predecessor-version":[{"id":3109,"href":"https:\/\/asvlb.fr\/index.php\/wp-json\/wp\/v2\/pages\/85\/revisions\/3109"}],"wp:attachment":[{"href":"https:\/\/asvlb.fr\/index.php\/wp-json\/wp\/v2\/media?parent=85"}],"curies":[{"name":"wp","href":"https:\/\/api.w.org\/{rel}","templated":true}]}}