{"id":46,"date":"2017-11-30T21:53:54","date_gmt":"2017-11-30T20:53:54","guid":{"rendered":"http:\/\/preprod.asso-online.fr\/?page_id=46"},"modified":"2025-07-21T16:20:49","modified_gmt":"2025-07-21T14:20:49","slug":"badminton","status":"publish","type":"page","link":"https:\/\/asvlb.fr\/index.php\/badminton\/","title":{"rendered":"Badminton"},"content":{"rendered":"\t\t<div data-elementor-type=\"wp-post\" data-elementor-id=\"46\" class=\"elementor elementor-46\">\n\t\t\t\t\t\t<section class=\"elementor-section elementor-top-section elementor-element elementor-element-4ffa55a elementor-section-boxed elementor-section-height-default elementor-section-height-default\" data-id=\"4ffa55a\" data-element_type=\"section\">\n\t\t\t\t\t\t<div class=\"elementor-container elementor-column-gap-default\">\n\t\t\t\t\t<div class=\"elementor-column elementor-col-100 elementor-top-column elementor-element elementor-element-75de30b\" data-id=\"75de30b\" data-element_type=\"column\">\n\t\t\t<div class=\"elementor-widget-wrap elementor-element-populated\">\n\t\t\t\t\t\t<section class=\"elementor-section elementor-inner-section elementor-element elementor-element-5e9c8be elementor-section-boxed elementor-section-height-default elementor-section-height-default\" data-id=\"5e9c8be\" data-element_type=\"section\">\n\t\t\t\t\t\t<div class=\"elementor-container elementor-column-gap-default\">\n\t\t\t\t\t<div class=\"elementor-column elementor-col-50 elementor-inner-column elementor-element elementor-element-49c6015\" data-id=\"49c6015\" data-element_type=\"column\">\n\t\t\t<div class=\"elementor-widget-wrap elementor-element-populated\">\n\t\t\t\t\t\t<div class=\"elementor-element elementor-element-a8b4a6e elementor-widget elementor-widget-text-editor\" data-id=\"a8b4a6e\" data-element_type=\"widget\" data-widget_type=\"text-editor.default\">\n\t\t\t\t<div class=\"elementor-widget-container\">\n\t\t\t\t\t\t\t\t\t<div class=\"elementor-column-wrap elementor-element-populated\"><h1 class=\"elementor-background-overlay\" style=\"text-align: center;\"><span style=\"color: #000000; font-size: 18pt;\"><strong>Informations<\/strong><\/span><\/h1><\/div><h4>\u00a0<\/h4><h4><span style=\"font-size: 10pt; font-family: arial, helvetica, sans-serif; color: #000000;\"><span style=\"font-weight: normal;\">Depuis 4 ans, l&rsquo;ASVLB vous donne des ailes pour frapper des plumes de 5 grammes. <\/span><\/span><\/h4><div><span style=\"color: #000000; font-size: 10pt;\"><strong><span style=\"font-family: arial, helvetica, sans-serif;\">Lieu : Halle des Sports de Villiers le Bacle<\/span><\/strong><\/span><\/div><div><span style=\"font-size: 10pt; color: #000000;\">\u00a0<\/span><\/div><div><span style=\"color: #000000; font-family: arial, helvetica, sans-serif; font-size: 10pt;\"><u><b>Priorit\u00e9 aux comp\u00e9titions des sections de l&rsquo;ASVLB.\u00a0<\/b><\/u><\/span><\/div><div><span style=\"color: #000000; font-family: arial, helvetica, sans-serif; font-size: 10pt;\">En cas de comp\u00e9tition ou de d\u00e9monstration, la Halle des Sports ne sera pas disponible. Un affichage et une information sur le site seront donn\u00e9s \u00e0 chaque adh\u00e8rent.\u00a0<\/span><\/div>\t\t\t\t\t\t\t\t<\/div>\n\t\t\t\t<\/div>\n\t\t\t\t\t<\/div>\n\t\t<\/div>\n\t\t\t\t<div class=\"elementor-column elementor-col-50 elementor-inner-column elementor-element elementor-element-f9e7c93\" data-id=\"f9e7c93\" data-element_type=\"column\">\n\t\t\t<div class=\"elementor-widget-wrap elementor-element-populated\">\n\t\t\t\t\t\t<div class=\"elementor-element elementor-element-86d8c43 elementor-widget elementor-widget-image\" data-id=\"86d8c43\" data-element_type=\"widget\" data-widget_type=\"image.default\">\n\t\t\t\t<div class=\"elementor-widget-container\">\n\t\t\t\t\t\t\t\t\t\t\t\t\t\t\t<img fetchpriority=\"high\" decoding=\"async\" width=\"300\" height=\"198\" src=\"https:\/\/asvlb.fr\/wp-content\/uploads\/2018\/01\/logo-badminton-300x198.jpg\" class=\"attachment-medium size-medium wp-image-305\" alt=\"\" srcset=\"https:\/\/asvlb.fr\/wp-content\/uploads\/2018\/01\/logo-badminton-300x198.jpg 300w, https:\/\/asvlb.fr\/wp-content\/uploads\/2018\/01\/logo-badminton.jpg 399w\" sizes=\"(max-width: 300px) 100vw, 300px\" \/>\t\t\t\t\t\t\t\t\t\t\t\t\t\t\t<\/div>\n\t\t\t\t<\/div>\n\t\t\t\t\t<\/div>\n\t\t<\/div>\n\t\t\t\t\t<\/div>\n\t\t<\/section>\n\t\t\t\t\t<\/div>\n\t\t<\/div>\n\t\t\t\t\t<\/div>\n\t\t<\/section>\n\t\t\t\t<section class=\"elementor-section elementor-top-section elementor-element elementor-element-025fd72 elementor-section-boxed elementor-section-height-default elementor-section-height-default\" data-id=\"025fd72\" data-element_type=\"section\">\n\t\t\t\t\t\t<div class=\"elementor-container elementor-column-gap-default\">\n\t\t\t\t\t<div class=\"elementor-column elementor-col-100 elementor-top-column elementor-element elementor-element-259373b\" data-id=\"259373b\" data-element_type=\"column\">\n\t\t\t<div class=\"elementor-widget-wrap\">\n\t\t\t\t\t\t\t<\/div>\n\t\t<\/div>\n\t\t\t\t\t<\/div>\n\t\t<\/section>\n\t\t\t\t<section class=\"elementor-section elementor-top-section elementor-element elementor-element-09b0d52 elementor-section-boxed elementor-section-height-default elementor-section-height-default\" data-id=\"09b0d52\" data-element_type=\"section\">\n\t\t\t\t\t\t<div class=\"elementor-container elementor-column-gap-default\">\n\t\t\t\t\t<div class=\"elementor-column elementor-col-100 elementor-top-column elementor-element elementor-element-9fe6328\" data-id=\"9fe6328\" data-element_type=\"column\">\n\t\t\t<div class=\"elementor-widget-wrap elementor-element-populated\">\n\t\t\t\t\t\t<section class=\"elementor-section elementor-inner-section elementor-element elementor-element-be358d6 elementor-section-boxed elementor-section-height-default elementor-section-height-default\" data-id=\"be358d6\" data-element_type=\"section\">\n\t\t\t\t\t\t<div class=\"elementor-container elementor-column-gap-default\">\n\t\t\t\t\t<div class=\"elementor-column elementor-col-50 elementor-inner-column elementor-element elementor-element-57a0f56\" data-id=\"57a0f56\" data-element_type=\"column\">\n\t\t\t<div class=\"elementor-widget-wrap elementor-element-populated\">\n\t\t\t\t\t\t<div class=\"elementor-element elementor-element-d3c6232 elementor-widget elementor-widget-text-editor\" data-id=\"d3c6232\" data-element_type=\"widget\" data-widget_type=\"text-editor.default\">\n\t\t\t\t<div class=\"elementor-widget-container\">\n\t\t\t\t\t\t\t\t\t<h1 style=\"text-align: center;\"><span style=\"color: #000000;\"><span style=\"font-size: 18pt;\"><strong>Horaires<\/strong><\/span><br \/><\/span><\/h1><p style=\"text-align: center;\"><span style=\"color: #000000; font-size: 10pt;\">Jeudi: 18h \u00e0 20h30 Adulte &amp; Juniors<\/span><br \/><span style=\"color: #000000; font-size: 10pt;\">Samedi: 14h00 \u00e0 16h00 Tout public<\/span><\/p>\t\t\t\t\t\t\t\t<\/div>\n\t\t\t\t<\/div>\n\t\t\t\t\t<\/div>\n\t\t<\/div>\n\t\t\t\t<div class=\"elementor-column elementor-col-50 elementor-inner-column elementor-element elementor-element-3388789\" data-id=\"3388789\" data-element_type=\"column\">\n\t\t\t<div class=\"elementor-widget-wrap elementor-element-populated\">\n\t\t\t\t\t\t<div class=\"elementor-element elementor-element-07771db elementor-widget elementor-widget-text-editor\" data-id=\"07771db\" data-element_type=\"widget\" data-widget_type=\"text-editor.default\">\n\t\t\t\t<div class=\"elementor-widget-container\">\n\t\t\t\t\t\t\t\t\t<h1 class=\"sites-embed-title\" style=\"text-align: center;\"><strong><span style=\"color: #000000;\"><span style=\"font-size: 18pt;\">Le Bureau<\/span><br \/><\/span><\/strong><\/h1><div class=\"sites-embed-content sites-embed-type-text\"><div class=\"sites-embed-content-textbox\"><div dir=\"ltr\"><div style=\"text-align: left; padding-left: 30px;\"><span style=\"color: #000000; font-size: 10pt;\">Pr\u00e9sident : Pierre-Fran\u00e7ois LAVALLEE<\/span><\/div><\/div><\/div><\/div>\t\t\t\t\t\t\t\t<\/div>\n\t\t\t\t<\/div>\n\t\t\t\t\t<\/div>\n\t\t<\/div>\n\t\t\t\t\t<\/div>\n\t\t<\/section>\n\t\t\t\t\t<\/div>\n\t\t<\/div>\n\t\t\t\t\t<\/div>\n\t\t<\/section>\n\t\t\t\t<section class=\"elementor-section elementor-top-section elementor-element elementor-element-e5af0a1 elementor-section-boxed elementor-section-height-default elementor-section-height-default\" data-id=\"e5af0a1\" data-element_type=\"section\">\n\t\t\t\t\t\t<div class=\"elementor-container elementor-column-gap-default\">\n\t\t\t\t\t<div class=\"elementor-column elementor-col-100 elementor-top-column elementor-element elementor-element-677c698\" data-id=\"677c698\" data-element_type=\"column\">\n\t\t\t<div class=\"elementor-widget-wrap elementor-element-populated\">\n\t\t\t\t\t\t<div class=\"elementor-element elementor-element-81fd390 elementor-widget elementor-widget-text-editor\" data-id=\"81fd390\" data-element_type=\"widget\" data-widget_type=\"text-editor.default\">\n\t\t\t\t<div class=\"elementor-widget-container\">\n\t\t\t\t\t\t\t\t\t<h1>\u00a0<\/h1><h1 style=\"text-align: center;\"><span style=\"font-family: arial, helvetica, sans-serif; color: #000000;\"><strong><span style=\"font-size: 18pt;\">Inscription et tarifs<\/span><br \/><\/strong><\/span><\/h1><p><span style=\"color: #000000; font-size: 10pt;\">Jeune : de 8 \u00e0 18 ans<\/span><br \/><span style=\"color: #000000; font-size: 10pt;\">Adulte : Plus de 18 ans<\/span><br \/><span style=\"color: #000000; font-size: 10pt;\">Parent\/Enfant : prix pour 1 adulte et 1 enfant de la m\u00eame famille: p\u00e8re ou m\u00e8re \/ fr\u00e8re ou s\u0153ur, avec un enfant de moins de 14 ans.<\/span><\/p><p><span style=\"color: #000000; font-size: 10pt;\">L&rsquo;adh\u00e9sion \u00ab\u00a0Parent\/Enfant\u00a0\u00bb est r\u00e9serv\u00e9e aux Villebaclais et St Aubinois.<\/span><\/p>\t\t\t\t\t\t\t\t<\/div>\n\t\t\t\t<\/div>\n\t\t\t\t\t<\/div>\n\t\t<\/div>\n\t\t\t\t\t<\/div>\n\t\t<\/section>\n\t\t\t\t<section class=\"elementor-section elementor-top-section elementor-element elementor-element-c31c7da elementor-section-boxed elementor-section-height-default elementor-section-height-default\" data-id=\"c31c7da\" data-element_type=\"section\">\n\t\t\t\t\t\t<div class=\"elementor-container elementor-column-gap-default\">\n\t\t\t\t\t<div class=\"elementor-column elementor-col-100 elementor-top-column elementor-element elementor-element-8281d42\" data-id=\"8281d42\" data-element_type=\"column\">\n\t\t\t<div class=\"elementor-widget-wrap elementor-element-populated\">\n\t\t\t\t\t\t<section class=\"elementor-section elementor-inner-section elementor-element elementor-element-efefbe6 elementor-section-full_width elementor-section-content-top elementor-section-height-default elementor-section-height-default\" data-id=\"efefbe6\" data-element_type=\"section\">\n\t\t\t\t\t\t<div class=\"elementor-container elementor-column-gap-default\">\n\t\t\t\t\t<div class=\"elementor-column elementor-col-100 elementor-inner-column elementor-element elementor-element-7a08691\" data-id=\"7a08691\" data-element_type=\"column\">\n\t\t\t<div class=\"elementor-widget-wrap elementor-element-populated\">\n\t\t\t\t\t\t<div class=\"elementor-element elementor-element-416eb11 elementor-widget elementor-widget-text-editor\" data-id=\"416eb11\" data-element_type=\"widget\" data-widget_type=\"text-editor.default\">\n\t\t\t\t<div class=\"elementor-widget-container\">\n\t\t\t\t\t\t\t\t\t<table style=\"height: 192px;\" width=\"238\">\n<tbody>\n<tr>\n<td style=\"width: 67.6px; text-align: center; background-color: #ffe5c4;\">&nbsp;<\/td>\n<td style=\"width: 43.6px; background-color: #ffe5c4; text-align: center;\"><span style=\"font-size: 10pt; color: #000000;\">Jeune<\/span><\/td>\n<td style=\"width: 49.8167px; background-color: #ffe5c4; text-align: center;\"><span style=\"color: #000000; font-size: 10pt;\">&nbsp;Adulte<\/span><\/td>\n<td style=\"width: 50.7167px; text-align: center; background-color: #ffe5c4;\"><span style=\"color: #000000; font-size: 10pt;\">Enfant+parent<\/span><\/td>\n<\/tr>\n<tr>\n<td style=\"width: 67.6px; text-align: center; background-color: #ffe5c4;\"><span style=\"color: #000000; font-size: 10pt;\">Villiers le B\u00e2cle&nbsp;<\/span><\/td>\n<td style=\"width: 43.6px; text-align: center;\"><span style=\"color: #000000; font-size: 10pt;\">&nbsp;25\u20ac<\/span><\/td>\n<td style=\"width: 49.8167px; text-align: center;\"><span style=\"color: #000000; font-size: 10pt;\">&nbsp;45\u20ac<\/span><\/td>\n<td style=\"width: 50.7167px; text-align: center;\"><span style=\"color: #000000; font-size: 10pt;\">&nbsp;60\u20ac<\/span><\/td>\n<\/tr>\n<tr>\n<td style=\"width: 67.6px; text-align: center; background-color: #ffe5c4;\"><span style=\"color: #000000; font-size: 10pt;\">&nbsp;Externes<\/span><\/td>\n<td style=\"width: 43.6px; text-align: center;\"><span style=\"color: #000000; font-size: 10pt;\">&nbsp;35\u20ac<\/span><\/td>\n<td style=\"width: 49.8167px; text-align: center;\"><span style=\"color: #000000; font-size: 10pt;\">55\u20ac<\/span><\/td>\n<td style=\"width: 50.7167px; text-align: center;\"><span style=\"color: #000000; font-size: 10pt;\">75\u20ac<\/span><\/td>\n<\/tr>\n<\/tbody>\n<\/table>\n<p><span style=\"font-size: 10pt;\">Les tarifs&nbsp; peuvent \u00e9voluer en fonctions du co\u00fbt des assurances.<\/span><\/p>\t\t\t\t\t\t\t\t<\/div>\n\t\t\t\t<\/div>\n\t\t\t\t\t<\/div>\n\t\t<\/div>\n\t\t\t\t\t<\/div>\n\t\t<\/section>\n\t\t\t\t\t<\/div>\n\t\t<\/div>\n\t\t\t\t\t<\/div>\n\t\t<\/section>\n\t\t\t\t<\/div>\n\t\t","protected":false},"excerpt":{"rendered":"<p>Informations \u00a0 Depuis 4 ans, l&rsquo;ASVLB vous donne des ailes pour frapper des plumes de 5 grammes. Lieu : Halle des Sports de Villiers le Bacle\u00a0Priorit\u00e9 aux comp\u00e9titions des sections de l&rsquo;ASVLB.\u00a0En cas de comp\u00e9tition ou de d\u00e9monstration, la Halle des Sports ne sera pas disponible. Un affichage et une information sur le site seront<br \/><a class=\"moretag\" href=\"https:\/\/asvlb.fr\/index.php\/badminton\/\">+ Read More<\/a><\/p>\n","protected":false},"author":1,"featured_media":0,"parent":0,"menu_order":0,"comment_status":"closed","ping_status":"closed","template":"","meta":{"footnotes":""},"class_list":["post-46","page","type-page","status-publish","hentry"],"_links":{"self":[{"href":"https:\/\/asvlb.fr\/index.php\/wp-json\/wp\/v2\/pages\/46","targetHints":{"allow":["GET"]}}],"collection":[{"href":"https:\/\/asvlb.fr\/index.php\/wp-json\/wp\/v2\/pages"}],"about":[{"href":"https:\/\/asvlb.fr\/index.php\/wp-json\/wp\/v2\/types\/page"}],"author":[{"embeddable":true,"href":"https:\/\/asvlb.fr\/index.php\/wp-json\/wp\/v2\/users\/1"}],"replies":[{"embeddable":true,"href":"https:\/\/asvlb.fr\/index.php\/wp-json\/wp\/v2\/comments?post=46"}],"version-history":[{"count":99,"href":"https:\/\/asvlb.fr\/index.php\/wp-json\/wp\/v2\/pages\/46\/revisions"}],"predecessor-version":[{"id":2860,"href":"https:\/\/asvlb.fr\/index.php\/wp-json\/wp\/v2\/pages\/46\/revisions\/2860"}],"wp:attachment":[{"href":"https:\/\/asvlb.fr\/index.php\/wp-json\/wp\/v2\/media?parent=46"}],"curies":[{"name":"wp","href":"https:\/\/api.w.org\/{rel}","templated":true}]}}