{"id":36,"date":"2017-11-30T21:42:03","date_gmt":"2017-11-30T20:42:03","guid":{"rendered":"http:\/\/preprod.asso-online.fr\/?page_id=36"},"modified":"2025-07-21T16:51:33","modified_gmt":"2025-07-21T14:51:33","slug":"futsal","status":"publish","type":"page","link":"https:\/\/asvlb.fr\/index.php\/futsal\/","title":{"rendered":"Futsal"},"content":{"rendered":"\t\t<div data-elementor-type=\"wp-post\" data-elementor-id=\"36\" class=\"elementor elementor-36\">\n\t\t\t\t\t\t<section class=\"elementor-section elementor-top-section elementor-element elementor-element-191b67a elementor-section-boxed elementor-section-height-default elementor-section-height-default\" data-id=\"191b67a\" data-element_type=\"section\">\n\t\t\t\t\t\t<div class=\"elementor-container elementor-column-gap-default\">\n\t\t\t\t\t<div class=\"elementor-column elementor-col-100 elementor-top-column elementor-element elementor-element-31e7c9a\" data-id=\"31e7c9a\" data-element_type=\"column\">\n\t\t\t<div class=\"elementor-widget-wrap elementor-element-populated\">\n\t\t\t\t\t\t<section class=\"elementor-section elementor-inner-section elementor-element elementor-element-6593e2b elementor-section-boxed elementor-section-height-default elementor-section-height-default\" data-id=\"6593e2b\" data-element_type=\"section\">\n\t\t\t\t\t\t<div class=\"elementor-container elementor-column-gap-default\">\n\t\t\t\t\t<div class=\"elementor-column elementor-col-50 elementor-inner-column elementor-element elementor-element-0e49915\" data-id=\"0e49915\" data-element_type=\"column\">\n\t\t\t<div class=\"elementor-widget-wrap elementor-element-populated\">\n\t\t\t\t\t\t<div class=\"elementor-element elementor-element-09a21ff elementor-widget elementor-widget-text-editor\" data-id=\"09a21ff\" data-element_type=\"widget\" data-widget_type=\"text-editor.default\">\n\t\t\t\t<div class=\"elementor-widget-container\">\n\t\t\t\t\t\t\t\t\t<h1 style=\"text-align: center;\"><span style=\"font-size: 18pt; color: #000000;\"><strong>Informations<\/strong><\/span><\/h1><p><span style=\"font-size: 10pt;\"><span style=\"color: #000000;\">Les r\u00e8gles du football sont adapt\u00e9es \u00e0 celle cette version du football. <\/span><span style=\"color: #000000;\">Terrain r\u00e9tr\u00e9ci, \u00e9quipes de 5 ou 6 joueurs, temps de jeu raccourci sont au service d&rsquo;un rythme soutenu et d&rsquo;une r\u00e9elle volont\u00e9 offensive. <\/span><span style=\"color: #000000;\">Nous regroupons un large \u00e9ventail de personnes de 16 \u00e0 50 ans, et de tous niveaux. <\/span><\/span><\/p><p><span style=\"color: #000000; font-size: 10pt;\">Tous les jeudis, y compris pendant les vacances scolaires (sauf \u00e9t\u00e9), nous nous retrouvons pour des matchs de foot en salle \u00e0 la Halle des Sports de Villiers le B\u00e2cle. L&rsquo;age minimum est de 16 ans \u00e0 la date de l&rsquo;inscription, une autorisation parentale est n\u00e9cessaire pour les mineurs.<br \/>Le port de chaussures de sport \u00ab\u00a0INDOOR\u00a0\u00bb est obligatoire.<\/span><\/p><p><span style=\"color: #000000; font-size: 10pt;\">Venez essayer!<\/span><\/p>\t\t\t\t\t\t\t\t<\/div>\n\t\t\t\t<\/div>\n\t\t\t\t\t<\/div>\n\t\t<\/div>\n\t\t\t\t<div class=\"elementor-column elementor-col-50 elementor-inner-column elementor-element elementor-element-7182388\" data-id=\"7182388\" data-element_type=\"column\">\n\t\t\t<div class=\"elementor-widget-wrap elementor-element-populated\">\n\t\t\t\t\t\t<div class=\"elementor-element elementor-element-355ad00 elementor-widget elementor-widget-image\" data-id=\"355ad00\" data-element_type=\"widget\" data-widget_type=\"image.default\">\n\t\t\t\t<div class=\"elementor-widget-container\">\n\t\t\t\t\t\t\t\t\t\t\t\t\t\t\t<img decoding=\"async\" src=\"https:\/\/asvlb.fr\/wp-content\/uploads\/elementor\/thumbs\/logo-foot-2024-q9jtnitp75z56dplw6vq4nr9lq8ssfjdfigtzjzys0.jpg\" title=\"logo foot 2024\" alt=\"logo foot 2024\" loading=\"lazy\" \/>\t\t\t\t\t\t\t\t\t\t\t\t\t\t\t<\/div>\n\t\t\t\t<\/div>\n\t\t\t\t\t<\/div>\n\t\t<\/div>\n\t\t\t\t\t<\/div>\n\t\t<\/section>\n\t\t\t\t\t<\/div>\n\t\t<\/div>\n\t\t\t\t\t<\/div>\n\t\t<\/section>\n\t\t\t\t<section class=\"elementor-section elementor-top-section elementor-element elementor-element-203adcf elementor-section-boxed elementor-section-height-default elementor-section-height-default\" data-id=\"203adcf\" data-element_type=\"section\">\n\t\t\t\t\t\t<div class=\"elementor-container elementor-column-gap-default\">\n\t\t\t\t\t<div class=\"elementor-column elementor-col-100 elementor-top-column elementor-element elementor-element-fd0fc57\" data-id=\"fd0fc57\" data-element_type=\"column\">\n\t\t\t<div class=\"elementor-widget-wrap elementor-element-populated\">\n\t\t\t\t\t\t<div class=\"elementor-element elementor-element-66b58e8 elementor-alert-info elementor-widget elementor-widget-alert\" data-id=\"66b58e8\" data-element_type=\"widget\" data-widget_type=\"alert.default\">\n\t\t\t\t<div class=\"elementor-widget-container\">\n\t\t\t\t\t\t\t<div class=\"elementor-alert\" role=\"alert\">\n\n\t\t\t\t\t\t<span class=\"elementor-alert-title\">INFORMATION<\/span>\n\t\t\t\n\t\t\t\t\t\t<span class=\"elementor-alert-description\">Reprise le 11 septembre 2025<\/span>\n\t\t\t\n\t\t\t\n\t\t<\/div>\n\t\t\t\t\t\t<\/div>\n\t\t\t\t<\/div>\n\t\t\t\t\t<\/div>\n\t\t<\/div>\n\t\t\t\t\t<\/div>\n\t\t<\/section>\n\t\t\t\t<section class=\"elementor-section elementor-top-section elementor-element elementor-element-2ae0ef6 elementor-section-boxed elementor-section-height-default elementor-section-height-default\" data-id=\"2ae0ef6\" data-element_type=\"section\">\n\t\t\t\t\t\t<div class=\"elementor-container elementor-column-gap-default\">\n\t\t\t\t\t<div class=\"elementor-column elementor-col-100 elementor-top-column elementor-element elementor-element-f097d4f\" data-id=\"f097d4f\" data-element_type=\"column\">\n\t\t\t<div class=\"elementor-widget-wrap elementor-element-populated\">\n\t\t\t\t\t\t<section class=\"elementor-section elementor-inner-section elementor-element elementor-element-75aa068 elementor-section-boxed elementor-section-height-default elementor-section-height-default\" data-id=\"75aa068\" data-element_type=\"section\">\n\t\t\t\t\t\t<div class=\"elementor-container elementor-column-gap-default\">\n\t\t\t\t\t<div class=\"elementor-column elementor-col-50 elementor-inner-column elementor-element elementor-element-1c2d1e1\" data-id=\"1c2d1e1\" data-element_type=\"column\">\n\t\t\t<div class=\"elementor-widget-wrap elementor-element-populated\">\n\t\t\t\t\t\t<div class=\"elementor-element elementor-element-f3bb4b7 elementor-widget elementor-widget-text-editor\" data-id=\"f3bb4b7\" data-element_type=\"widget\" data-widget_type=\"text-editor.default\">\n\t\t\t\t<div class=\"elementor-widget-container\">\n\t\t\t\t\t\t\t\t\t<h1 style=\"text-align: center;\"><span style=\"color: #000000; font-size: 18pt;\"><strong>Horaire<\/strong><\/span><\/h1><p style=\"text-align: center;\"><span style=\"color: #000000; font-size: 10pt;\">Jeudi 20h30<\/span><\/p>\t\t\t\t\t\t\t\t<\/div>\n\t\t\t\t<\/div>\n\t\t\t\t\t<\/div>\n\t\t<\/div>\n\t\t\t\t<div class=\"elementor-column elementor-col-50 elementor-inner-column elementor-element elementor-element-dc52284\" data-id=\"dc52284\" data-element_type=\"column\">\n\t\t\t<div class=\"elementor-widget-wrap elementor-element-populated\">\n\t\t\t\t\t\t<div class=\"elementor-element elementor-element-50765c5 elementor-widget elementor-widget-text-editor\" data-id=\"50765c5\" data-element_type=\"widget\" data-widget_type=\"text-editor.default\">\n\t\t\t\t<div class=\"elementor-widget-container\">\n\t\t\t\t\t\t\t\t\t<h1 style=\"text-align: center;\"><span style=\"color: #000000; font-size: 18pt;\"><strong>Le Bureau<\/strong><\/span><\/h1>\n<p style=\"margin: 0cm 0cm 0.0001pt; text-align: left;\" align=\"center\"><span style=\"font-family: arial, helvetica, sans-serif; font-size: 10pt; color: #000000;\">Contact:<br><\/span><\/p>\n<p style=\"margin: 0cm 0cm 0.0001pt; text-align: left;\" align=\"center\"><span style=\"font-size: 10pt; color: #000000;\"><span style=\"font-family: arial, helvetica, sans-serif;\">Emrys BOUGES&nbsp;<\/span><span style=\"font-family: arial, helvetica, sans-serif;\">Tel&nbsp;: 07 68 84 55 23<\/span><\/span><\/p>\t\t\t\t\t\t\t\t<\/div>\n\t\t\t\t<\/div>\n\t\t\t\t\t<\/div>\n\t\t<\/div>\n\t\t\t\t\t<\/div>\n\t\t<\/section>\n\t\t\t\t\t<\/div>\n\t\t<\/div>\n\t\t\t\t\t<\/div>\n\t\t<\/section>\n\t\t\t\t<section class=\"elementor-section elementor-top-section elementor-element elementor-element-a9514bf elementor-section-boxed elementor-section-height-default elementor-section-height-default\" data-id=\"a9514bf\" data-element_type=\"section\">\n\t\t\t\t\t\t<div class=\"elementor-container elementor-column-gap-default\">\n\t\t\t\t\t<div class=\"elementor-column elementor-col-100 elementor-top-column elementor-element elementor-element-6a0ab2f\" data-id=\"6a0ab2f\" data-element_type=\"column\">\n\t\t\t<div class=\"elementor-widget-wrap elementor-element-populated\">\n\t\t\t\t\t\t<div class=\"elementor-element elementor-element-aff4417 elementor-widget elementor-widget-text-editor\" data-id=\"aff4417\" data-element_type=\"widget\" data-widget_type=\"text-editor.default\">\n\t\t\t\t<div class=\"elementor-widget-container\">\n\t\t\t\t\t\t\t\t\t<h1 style=\"text-align: center;\"><span style=\"color: #000000; font-family: arial, helvetica, sans-serif; font-size: 18pt;\"><strong>Les Tarifs<\/strong><\/span><\/h1>\n<table style=\"height: 127px;\" width=\"585\">\n<tbody>\n<tr>\n<td style=\"width: 187.667px; background-color: #ffe5c4; text-align: center;\">&nbsp;<\/td>\n<td style=\"width: 187.667px; background-color: #ffe5c4; text-align: center;\"><span style=\"color: #000000; font-size: 10pt;\">Jeunes 16-18 ans<\/span><\/td>\n<td style=\"width: 187.667px; background-color: #ffe5c4; text-align: center;\"><span style=\"color: #000000; font-size: 10pt;\">Adultes<\/span><\/td>\n<\/tr>\n<tr>\n<td style=\"width: 187.667px; background-color: #ffe4c5; text-align: center;\">\n<p><span style=\"color: #000000; font-size: 10pt;\">Villiers le Bacle<\/span><\/p>\n<hr>\n<p><span style=\"color: #000000; font-size: 10pt;\">Saint Aubin<\/span><\/p>\n<\/td>\n<td style=\"width: 187.667px; text-align: center;\">\n<p><span style=\"color: #000000; font-size: 10pt;\">40\u20ac<\/span><\/p>\n<hr>\n<p><span style=\"color: #000000; font-size: 10pt;\">40\u20ac<\/span><\/p>\n<\/td>\n<td style=\"width: 187.667px; text-align: center;\">\n<p><span style=\"color: #000000; font-size: 10pt;\">40\u20ac<\/span><\/p>\n<hr>\n<p><span style=\"color: #000000; font-size: 10pt;\">40\u20ac<\/span><\/p>\n<\/td>\n<\/tr>\n<tr>\n<td style=\"width: 187.667px; background-color: #ffe5c4; text-align: center;\"><span style=\"color: #000000; font-size: 10pt;\">Ext\u00e9rieurs<\/span><\/td>\n<td style=\"width: 187.667px; text-align: center;\"><span style=\"color: #000000; font-size: 10pt;\">50\u20ac<\/span><\/td>\n<td style=\"width: 187.667px; text-align: center;\"><span style=\"color: #000000; font-size: 10pt;\">&nbsp;50\u20ac<\/span><\/td>\n<\/tr>\n<\/tbody>\n<\/table>\t\t\t\t\t\t\t\t<\/div>\n\t\t\t\t<\/div>\n\t\t\t\t\t<\/div>\n\t\t<\/div>\n\t\t\t\t\t<\/div>\n\t\t<\/section>\n\t\t\t\t<\/div>\n\t\t","protected":false},"excerpt":{"rendered":"<p>Informations Les r\u00e8gles du football sont adapt\u00e9es \u00e0 celle cette version du football. Terrain r\u00e9tr\u00e9ci, \u00e9quipes de 5 ou 6 joueurs, temps de jeu raccourci sont au service d&rsquo;un rythme soutenu et d&rsquo;une r\u00e9elle volont\u00e9 offensive. Nous regroupons un large \u00e9ventail de personnes de 16 \u00e0 50 ans, et de tous niveaux. Tous les jeudis,<br \/><a class=\"moretag\" href=\"https:\/\/asvlb.fr\/index.php\/futsal\/\">+ Read More<\/a><\/p>\n","protected":false},"author":1,"featured_media":0,"parent":0,"menu_order":0,"comment_status":"closed","ping_status":"closed","template":"","meta":{"footnotes":""},"class_list":["post-36","page","type-page","status-publish","hentry"],"_links":{"self":[{"href":"https:\/\/asvlb.fr\/index.php\/wp-json\/wp\/v2\/pages\/36","targetHints":{"allow":["GET"]}}],"collection":[{"href":"https:\/\/asvlb.fr\/index.php\/wp-json\/wp\/v2\/pages"}],"about":[{"href":"https:\/\/asvlb.fr\/index.php\/wp-json\/wp\/v2\/types\/page"}],"author":[{"embeddable":true,"href":"https:\/\/asvlb.fr\/index.php\/wp-json\/wp\/v2\/users\/1"}],"replies":[{"embeddable":true,"href":"https:\/\/asvlb.fr\/index.php\/wp-json\/wp\/v2\/comments?post=36"}],"version-history":[{"count":65,"href":"https:\/\/asvlb.fr\/index.php\/wp-json\/wp\/v2\/pages\/36\/revisions"}],"predecessor-version":[{"id":2874,"href":"https:\/\/asvlb.fr\/index.php\/wp-json\/wp\/v2\/pages\/36\/revisions\/2874"}],"wp:attachment":[{"href":"https:\/\/asvlb.fr\/index.php\/wp-json\/wp\/v2\/media?parent=36"}],"curies":[{"name":"wp","href":"https:\/\/api.w.org\/{rel}","templated":true}]}}