{"id":34,"date":"2017-11-30T21:41:54","date_gmt":"2017-11-30T20:41:54","guid":{"rendered":"http:\/\/preprod.asso-online.fr\/?page_id=34"},"modified":"2025-07-22T14:02:44","modified_gmt":"2025-07-22T12:02:44","slug":"plongee","status":"publish","type":"page","link":"https:\/\/asvlb.fr\/index.php\/plongee\/","title":{"rendered":"Plong\u00e9e"},"content":{"rendered":"\t\t<div data-elementor-type=\"wp-post\" data-elementor-id=\"34\" class=\"elementor elementor-34\">\n\t\t\t\t\t\t<section class=\"elementor-section elementor-top-section elementor-element elementor-element-1157e2e elementor-section-boxed elementor-section-height-default elementor-section-height-default\" data-id=\"1157e2e\" data-element_type=\"section\">\n\t\t\t\t\t\t<div class=\"elementor-container elementor-column-gap-default\">\n\t\t\t\t\t<div class=\"elementor-column elementor-col-100 elementor-top-column elementor-element elementor-element-5f4603f\" data-id=\"5f4603f\" data-element_type=\"column\">\n\t\t\t<div class=\"elementor-widget-wrap elementor-element-populated\">\n\t\t\t\t\t\t<section class=\"elementor-section elementor-inner-section elementor-element elementor-element-db3d748 elementor-section-boxed elementor-section-height-default elementor-section-height-default\" data-id=\"db3d748\" data-element_type=\"section\">\n\t\t\t\t\t\t<div class=\"elementor-container elementor-column-gap-default\">\n\t\t\t\t\t<div class=\"elementor-column elementor-col-50 elementor-inner-column elementor-element elementor-element-9419c23\" data-id=\"9419c23\" data-element_type=\"column\">\n\t\t\t<div class=\"elementor-widget-wrap elementor-element-populated\">\n\t\t\t\t\t\t<div class=\"elementor-element elementor-element-d5d5f3e elementor-widget elementor-widget-text-editor\" data-id=\"d5d5f3e\" data-element_type=\"widget\" data-widget_type=\"text-editor.default\">\n\t\t\t\t<div class=\"elementor-widget-container\">\n\t\t\t\t\t\t\t\t\t<h1 style=\"text-align: center;\"><span style=\"font-size: 18pt;\"><strong><span style=\"color: #000000;\">Informations<\/span><\/strong><\/span><\/h1><h4><span style=\"color: #000000; font-size: 10pt; font-family: arial, helvetica, sans-serif;\"><span style=\"text-decoration: underline;\">Formations et Bapt\u00eame de Plong\u00e9e:<\/span><br \/>Pour d\u00e9couvrir la plong\u00e9e, venez faire votre Bapt\u00eame \u00e0 partir de 8 ans et sur r\u00e9servation.<br \/>Renseignements et r\u00e9servation aupr\u00e8s des membres du bureau ou <a href=\"http:\/\/dromies.fr\">http:\/\/dromies.fr<\/a><\/span><\/h4><h4><span style=\"text-decoration: underline; color: #000000; font-size: 10pt; font-family: arial, helvetica, sans-serif;\">Conditions \u00e0 remplir lors de l\u2019inscription :<\/span><\/h4><ol><li><h4><span style=\"color: #000000; font-size: 10pt; font-family: arial, helvetica, sans-serif;\">Avoir plus de 12 ans,<\/span><\/h4><\/li><li><h4><span style=\"color: #000000; font-size: 10pt; font-family: arial, helvetica, sans-serif;\">Fournir la feuille d\u2019inscription d\u00fbment remplie,<\/span><\/h4><\/li><li><h4><span style=\"color: #000000; font-size: 10pt; font-family: arial, helvetica, sans-serif;\">Fournir un certificat m\u00e9dical portant la mention : \u00abnon contre-indication \u00e0 la pratique de la plong\u00e9e subaquatique avec scaphandre\u00bb d\u00e9livr\u00e9 conform\u00e9ment aux r\u00e8glements de la FFESSM, info disponible le jour du forum,<\/span><\/h4><\/li><li><h4><span style=\"color: #000000; font-size: 10pt; font-family: arial, helvetica, sans-serif;\">Fournir 1 photo d\u2019identit\u00e9 r\u00e9cente pour les nouvelles adh\u00e9sions. <\/span><span style=\"color: #000000; font-size: 10pt; font-family: arial, helvetica, sans-serif;\">Apporter le r\u00e8glement de votre cotisation.<\/span><\/h4><\/li><\/ol><h4><span style=\"font-size: 10pt; color: #0000ff; font-family: arial, helvetica, sans-serif;\">Entra\u00eenements \u00e0 la piscine Polytechnique de Palaiseau<\/span><\/h4><h4><span style=\"font-size: 10pt; color: #0000ff; font-family: arial, helvetica, sans-serif;\">le mercredi de 18 h 30 \u00e0 20 h 00 \u2013 Rdv 15 min avant la s\u00e9ance<\/span><\/h4>\t\t\t\t\t\t\t\t<\/div>\n\t\t\t\t<\/div>\n\t\t\t\t\t<\/div>\n\t\t<\/div>\n\t\t\t\t<div class=\"elementor-column elementor-col-50 elementor-inner-column elementor-element elementor-element-7c78935\" data-id=\"7c78935\" data-element_type=\"column\">\n\t\t\t<div class=\"elementor-widget-wrap elementor-element-populated\">\n\t\t\t\t\t\t<div class=\"elementor-element elementor-element-0041eed elementor-widget elementor-widget-image\" data-id=\"0041eed\" data-element_type=\"widget\" data-widget_type=\"image.default\">\n\t\t\t\t<div class=\"elementor-widget-container\">\n\t\t\t\t\t\t\t\t\t\t\t\t\t\t\t\t<a href=\"http:\/\/dromies.fr\">\n\t\t\t\t\t\t\t<img decoding=\"async\" src=\"https:\/\/asvlb.fr\/wp-content\/uploads\/elementor\/thumbs\/plongee-nk7ywy7vyu4xlnrn09dxvd1qogljwegn928f8h5lc4.jpg\" title=\"plongee\" alt=\"plongee\" loading=\"lazy\" \/>\t\t\t\t\t\t\t\t<\/a>\n\t\t\t\t\t\t\t\t\t\t\t\t\t\t\t<\/div>\n\t\t\t\t<\/div>\n\t\t\t\t\t<\/div>\n\t\t<\/div>\n\t\t\t\t\t<\/div>\n\t\t<\/section>\n\t\t\t\t\t<\/div>\n\t\t<\/div>\n\t\t\t\t\t<\/div>\n\t\t<\/section>\n\t\t\t\t<section class=\"elementor-section elementor-top-section elementor-element elementor-element-e8c43e4 elementor-section-boxed elementor-section-height-default elementor-section-height-default\" data-id=\"e8c43e4\" data-element_type=\"section\">\n\t\t\t\t\t\t<div class=\"elementor-container elementor-column-gap-default\">\n\t\t\t\t\t<div class=\"elementor-column elementor-col-100 elementor-top-column elementor-element elementor-element-724a77c\" data-id=\"724a77c\" data-element_type=\"column\">\n\t\t\t<div class=\"elementor-widget-wrap elementor-element-populated\">\n\t\t\t\t\t\t<div class=\"elementor-element elementor-element-6fafa69 elementor-alert-info elementor-widget elementor-widget-alert\" data-id=\"6fafa69\" data-element_type=\"widget\" data-widget_type=\"alert.default\">\n\t\t\t\t<div class=\"elementor-widget-container\">\n\t\t\t\t\t\t\t<div class=\"elementor-alert\" role=\"alert\">\n\n\t\t\t\t\t\t<span class=\"elementor-alert-title\">INFORMATIONS<\/span>\n\t\t\t\n\t\t\t\t\t\t<span class=\"elementor-alert-description\">La date de reprise sera confirm\u00e9e sur notre site: http:\/\/dromies.fr <br><\/span>\n\t\t\t\n\t\t\t\n\t\t<\/div>\n\t\t\t\t\t\t<\/div>\n\t\t\t\t<\/div>\n\t\t\t\t\t<\/div>\n\t\t<\/div>\n\t\t\t\t\t<\/div>\n\t\t<\/section>\n\t\t\t\t<section class=\"elementor-section elementor-top-section elementor-element elementor-element-420aaec elementor-section-boxed elementor-section-height-default elementor-section-height-default\" data-id=\"420aaec\" data-element_type=\"section\">\n\t\t\t\t\t\t<div class=\"elementor-container elementor-column-gap-default\">\n\t\t\t\t\t<div class=\"elementor-column elementor-col-100 elementor-top-column elementor-element elementor-element-d63f7dc\" data-id=\"d63f7dc\" data-element_type=\"column\">\n\t\t\t<div class=\"elementor-widget-wrap elementor-element-populated\">\n\t\t\t\t\t\t<section class=\"elementor-section elementor-inner-section elementor-element elementor-element-7af38ea elementor-section-boxed elementor-section-height-default elementor-section-height-default\" data-id=\"7af38ea\" data-element_type=\"section\">\n\t\t\t\t\t\t<div class=\"elementor-container elementor-column-gap-default\">\n\t\t\t\t\t<div class=\"elementor-column elementor-col-50 elementor-inner-column elementor-element elementor-element-c9f007a\" data-id=\"c9f007a\" data-element_type=\"column\">\n\t\t\t<div class=\"elementor-widget-wrap elementor-element-populated\">\n\t\t\t\t\t\t<div class=\"elementor-element elementor-element-734e90b elementor-widget elementor-widget-text-editor\" data-id=\"734e90b\" data-element_type=\"widget\" data-widget_type=\"text-editor.default\">\n\t\t\t\t<div class=\"elementor-widget-container\">\n\t\t\t\t\t\t\t\t\t<h1 style=\"text-align: center;\"><span style=\"color: #000000; font-size: 18pt;\"><strong>Activit\u00e9s de la saison<\/strong><\/span><\/h1><p>\u00a0 \u2022 Entrainements hebdomadaires en piscine (hors vacances scolaires), pr\u00e9paration\u00a0 \u00a0 \u00a0 \u00a0aux passages de niveaux, th\u00e9orie des niveaux P1 \u00e0 P3 (en salle),<br \/>\u00a0 \u2022 Stages* et sorties* (avec ou sans le bateau du club) :<br \/>\u00a0 \u00a0 \u2713 Sorties r\u00e9guli\u00e8res \u00e0 la fosse d\u2019Antony,<br \/>\u00a0 \u00a0 \u2713 Sorties mer et\/ou lac, <br \/>\u00a0 \u00a0 \u2713 Stage technique pour pr\u00e9parer ou valider les niveaux P2 et P3**<br \/>\u00a0 \u00a0 \u2713 En fonction des demandes, il peut \u00eatre \u00e9tudi\u00e9 une sortie \u00ab mer chaude \u00bb<br \/>\u00a0 \u2022 Rendez-vous festifs tout au long de la saison.<\/p><p><span style=\"font-size: 12px;\">*non compris dans la cotisation &#8211; les enfants doivent \u00eatre accompagn\u00e9s d\u2019un parent ou tuteur l\u00e9gal<\/span><br \/><span style=\"font-size: 12px;\">**si comp\u00e9tences acquises<\/span><\/p>\t\t\t\t\t\t\t\t<\/div>\n\t\t\t\t<\/div>\n\t\t\t\t\t<\/div>\n\t\t<\/div>\n\t\t\t\t<div class=\"elementor-column elementor-col-50 elementor-inner-column elementor-element elementor-element-7b5e357\" data-id=\"7b5e357\" data-element_type=\"column\">\n\t\t\t<div class=\"elementor-widget-wrap elementor-element-populated\">\n\t\t\t\t\t\t<div class=\"elementor-element elementor-element-fe0b1bb elementor-widget elementor-widget-text-editor\" data-id=\"fe0b1bb\" data-element_type=\"widget\" data-widget_type=\"text-editor.default\">\n\t\t\t\t<div class=\"elementor-widget-container\">\n\t\t\t\t\t\t\t\t\t<h1 style=\"text-align: center;\"><span style=\"color: #000000; font-size: 18pt;\"><strong><span style=\"font-family: arial, helvetica, sans-serif;\">Le Bureau<\/span><\/strong><\/span><\/h1><p><span style=\"color: #000000;\">\u00a0\u00a0 <span style=\"font-size: 10pt;\">Etienne Dervyn (Pr\u00e9sident) : 06 58 81 88 46<\/span><\/span><br \/><span style=\"font-size: 10pt;\"><span style=\"color: #000000;\">\u00a0\u00a0\u00a0 R\u00e9jane BRAGEON-BOULIN : 01 60 14 07 72<\/span><\/span><br \/><span style=\"font-size: 10pt;\"><span style=\"color: #000000;\">\u00a0\u00a0\u00a0 V\u00e9ronique JAMAGNE : 06 09 75 41 45<br \/><\/span><\/span><\/p><p><span style=\"color: #000000; font-size: 10pt;\">\u00a0\u00a0\u00a0 Courriel : contact@dromies.fr\u00a0\u00a0\u00a0 <\/span><span style=\"color: #000000; font-size: 10pt;\"><a href=\"http:\/\/dromies.fr\">site web i\u00e7i<\/a>\u00a0 <\/span><br \/><span style=\"color: #000000; font-size: 10pt;\">\u00a0\u00a0\u00a0 N\u00b0 FFESSM 07-91-0581<\/span><\/p>\t\t\t\t\t\t\t\t<\/div>\n\t\t\t\t<\/div>\n\t\t\t\t<div class=\"elementor-element elementor-element-41277d7 elementor-widget elementor-widget-image\" data-id=\"41277d7\" data-element_type=\"widget\" data-widget_type=\"image.default\">\n\t\t\t\t<div class=\"elementor-widget-container\">\n\t\t\t\t\t\t\t\t\t\t\t\t\t\t\t<img decoding=\"async\" width=\"200\" height=\"150\" src=\"https:\/\/asvlb.fr\/wp-content\/uploads\/2018\/01\/Nitrox-2-web-jpeg.jpg\" class=\"attachment-large size-large wp-image-427\" alt=\"\" \/>\t\t\t\t\t\t\t\t\t\t\t\t\t\t\t<\/div>\n\t\t\t\t<\/div>\n\t\t\t\t\t<\/div>\n\t\t<\/div>\n\t\t\t\t\t<\/div>\n\t\t<\/section>\n\t\t\t\t\t<\/div>\n\t\t<\/div>\n\t\t\t\t\t<\/div>\n\t\t<\/section>\n\t\t\t\t<section class=\"elementor-section elementor-top-section elementor-element elementor-element-1eb5e2d elementor-section-boxed elementor-section-height-default elementor-section-height-default\" data-id=\"1eb5e2d\" data-element_type=\"section\">\n\t\t\t\t\t\t<div class=\"elementor-container elementor-column-gap-default\">\n\t\t\t\t\t<div class=\"elementor-column elementor-col-100 elementor-top-column elementor-element elementor-element-3dc376d\" data-id=\"3dc376d\" data-element_type=\"column\">\n\t\t\t<div class=\"elementor-widget-wrap elementor-element-populated\">\n\t\t\t\t\t\t<section class=\"elementor-section elementor-inner-section elementor-element elementor-element-328f520 elementor-section-boxed elementor-section-height-default elementor-section-height-default\" data-id=\"328f520\" data-element_type=\"section\">\n\t\t\t\t\t\t<div class=\"elementor-container elementor-column-gap-default\">\n\t\t\t\t\t<div class=\"elementor-column elementor-col-100 elementor-inner-column elementor-element elementor-element-200e959\" data-id=\"200e959\" data-element_type=\"column\">\n\t\t\t<div class=\"elementor-widget-wrap elementor-element-populated\">\n\t\t\t\t\t\t<div class=\"elementor-element elementor-element-f2f10cf elementor-widget elementor-widget-text-editor\" data-id=\"f2f10cf\" data-element_type=\"widget\" data-widget_type=\"text-editor.default\">\n\t\t\t\t<div class=\"elementor-widget-container\">\n\t\t\t\t\t\t\t\t\t<h2 style=\"text-align: left; padding-left: 280px;\">Cotisations annuelles \/ 2025-2026<\/h2><div>\u00a0<\/div><table style=\"height: 172px; width: 82.646%; border-color: #000000; border-style: outset;\" width=\"82.646%\"><tbody><tr style=\"height: 24px;\"><td style=\"width: 48.3881%; background-color: #ffe5c4; border-style: solid; border-color: #000000; height: 24px;\"><span style=\"font-size: 20px;\"><strong>Saison 2025-2026\u00a0<\/strong><\/span><\/td><td style=\"width: 11.694%; border-style: solid; border-color: #000000; text-align: center; height: 24px; background-color: #8dc4bd;\"><strong><span style=\"color: #000000; font-size: 10pt; font-family: arial, helvetica, sans-serif;\">Villiers<\/span><\/strong><\/td><td style=\"width: 12.5677%; border-style: solid; border-color: #000000; text-align: center; height: 24px; background-color: #ace3d9;\"><strong><span style=\"color: #000000; font-size: 10pt; font-family: arial, helvetica, sans-serif;\">Ch\u00e2teaufort<\/span><\/strong><\/td><td style=\"width: 12.3054%; border-style: solid; border-color: #000000; text-align: center; height: 24px; background-color: #90e0b3;\"><strong><span style=\"color: #000000; font-size: 10pt; font-family: arial, helvetica, sans-serif;\">Saint Aubin<\/span><\/strong><\/td><td style=\"width: 13.7652%; border-style: solid; border-color: #000000; text-align: center; height: 24px; background-color: #f2dfdf;\"><strong><span style=\"color: #000000; font-size: 10pt; font-family: arial, helvetica, sans-serif;\">Ext\u00e9rieurs<\/span><\/strong><\/td><\/tr><tr style=\"height: 24px;\"><td style=\"width: 48.3881%; background-color: #ffe5c4; border-style: solid; border-color: #000000; height: 24px;\"><strong><span style=\"color: #000000; font-size: 10pt; font-family: arial, helvetica, sans-serif;\">\u00a0Enfant (12 ans \u00e0 moins de 16ans)<\/span><\/strong><\/td><td style=\"width: 11.694%; border-style: solid; border-color: #000000; text-align: center; height: 24px; background-color: #8dc4bd;\"><strong><span style=\"color: #000000; font-size: 10pt; font-family: arial, helvetica, sans-serif;\">222\u20ac*<\/span><\/strong><\/td><td style=\"width: 12.5677%; border-style: solid; border-color: #000000; text-align: center; height: 24px; background-color: #ace3d9;\"><strong><span style=\"color: #000000; font-size: 10pt; font-family: arial, helvetica, sans-serif;\">271\u20ac*<\/span><\/strong><\/td><td style=\"width: 12.3054%; border-style: solid; border-color: #000000; text-align: center; height: 24px; background-color: #90e0b3;\"><strong><span style=\"color: #000000; font-size: 10pt; font-family: arial, helvetica, sans-serif;\">178\u20ac*<\/span><\/strong><\/td><td style=\"width: 13.7652%; border-style: solid; border-color: #000000; text-align: center; height: 24px; background-color: #f2dfdf;\"><strong><span style=\"color: #000000; font-size: 10pt; font-family: arial, helvetica, sans-serif;\">296\u20ac<\/span><\/strong><\/td><\/tr><tr><td style=\"width: 48.3881%; background-color: #ffe5c4; border-style: solid; border-color: #000000;\"><strong>Cadet (16-18 ans) ou \u00e9tudiant (hors Saint-Aubin) -21 ans + justif<span style=\"color: #000000; font-size: 10pt; font-family: arial, helvetica, sans-serif;\"><br \/><\/span><\/strong><\/td><td style=\"width: 11.694%; border-style: solid; border-color: #000000; text-align: center; background-color: #8dc4bd;\"><strong><span style=\"color: #000000; font-size: 10pt; font-family: arial, helvetica, sans-serif;\">\u00a0241<\/span><\/strong><strong><span style=\"font-size: 10pt; font-family: arial, helvetica, sans-serif;\">\u20ac*<\/span><\/strong><\/td><td style=\"width: 12.5677%; border-style: solid; border-color: #000000; text-align: center; background-color: #ace3d9;\"><strong><span style=\"font-size: 10pt; font-family: arial, helvetica, sans-serif;\">296\u20ac*<\/span><\/strong><strong><span style=\"color: #000000; font-size: 10pt; font-family: arial, helvetica, sans-serif;\">\u00a0<\/span><\/strong><\/td><td style=\"width: 12.3054%; border-style: solid; border-color: #000000; text-align: center; background-color: #90e0b3;\"><strong><span style=\"font-size: 10pt; font-family: arial, helvetica, sans-serif;\">193\u20ac*<\/span><\/strong><strong><span style=\"color: #000000; font-size: 10pt; font-family: arial, helvetica, sans-serif;\">\u00a0<\/span><\/strong><\/td><td style=\"width: 13.7652%; border-style: solid; border-color: #000000; text-align: center; background-color: #f2dfdf;\"><strong><span style=\"font-size: 10pt; font-family: arial, helvetica, sans-serif;\">321\u20ac<\/span><\/strong><strong><span style=\"color: #000000; font-size: 10pt; font-family: arial, helvetica, sans-serif;\">\u00a0<\/span><\/strong><\/td><\/tr><tr style=\"height: 24px;\"><td style=\"width: 48.3881%; background-color: #ffe5c4; border-style: solid; border-color: #000000; height: 24px;\"><strong><span style=\"color: #000000; font-size: 10pt; font-family: arial, helvetica, sans-serif;\">Adulte +18ans &#8211; ou tarif plein<br \/><\/span><\/strong><\/td><td style=\"width: 11.694%; border-style: solid; border-color: #000000; text-align: center; height: 24px; background-color: #8dc4bd;\"><strong><span style=\"color: #000000; font-size: 10pt; font-family: arial, helvetica, sans-serif;\">296\u20ac**<\/span><\/strong><\/td><td style=\"width: 12.5677%; border-style: solid; border-color: #000000; text-align: center; height: 24px; background-color: #ace3d9;\"><strong><span style=\"color: #000000; font-size: 10pt; font-family: arial, helvetica, sans-serif;\">296\u20ac*<\/span><\/strong><\/td><td style=\"width: 12.3054%; border-style: solid; border-color: #000000; text-align: center; height: 24px; background-color: #90e0b3;\"><strong><span style=\"color: #000000; font-size: 10pt; font-family: arial, helvetica, sans-serif;\">321\u20ac<\/span><\/strong><\/td><td style=\"width: 13.7652%; border-style: solid; border-color: #000000; text-align: center; height: 24px; background-color: #f2dfdf;\"><strong><span style=\"color: #000000; font-size: 10pt; font-family: arial, helvetica, sans-serif;\">321\u20ac<\/span><\/strong><\/td><\/tr><tr style=\"height: 10px;\"><td style=\"width: 48.3881%; background-color: #ffe5c4; border-style: solid; border-color: #000000; height: 50px;\"><strong><span style=\"color: #000000; font-size: 10pt; font-family: arial, helvetica, sans-serif;\">Encadrant ou membre actif<\/span><\/strong><\/td><td style=\"border-style: solid; border-color: #000000; width: 50.3323%; height: 50px; background-color: #c4cecf; text-align: center;\" colspan=\"4\"><strong><span style=\"color: #000000; font-size: 10pt; font-family: arial, helvetica, sans-serif;\">230\u20ac<\/span><span style=\"color: #000000; font-size: 10pt; font-family: arial, helvetica, sans-serif;\"><br \/><\/span><\/strong><\/td><\/tr><\/tbody><\/table><p><strong>Les tarifs incluent :<\/strong> licence, assurance f\u00e9d\u00e9rale (RC) et compl\u00e9mentaire individuelle de l\u2019ASCEA Saclay, adh\u00e9sion \u00e0 l\u2019ASVLB, cotisation \u00e0 la section <br \/>plong\u00e9e, pr\u00eat du mat\u00e9riel utilis\u00e9 en piscine (sauf palmes, masque et tuba), entra\u00eenements \u00e0 la piscine Polytechnique.<\/p><p><span style=\"font-size: 12px;\">*Sous r\u00e9serve des conditions de subventions accord\u00e9es par les villes ci-dessus pour la saison en cours.<\/span><br \/><span style=\"font-size: 12px;\">** Tarif pr\u00e9f\u00e9rentiel accord\u00e9 aux adh\u00e9rents Villeb\u00e2clais adultes, sur justificatif de domicile.<\/span><\/p>\t\t\t\t\t\t\t\t<\/div>\n\t\t\t\t<\/div>\n\t\t\t\t\t<\/div>\n\t\t<\/div>\n\t\t\t\t\t<\/div>\n\t\t<\/section>\n\t\t\t\t\t<\/div>\n\t\t<\/div>\n\t\t\t\t\t<\/div>\n\t\t<\/section>\n\t\t\t\t<\/div>\n\t\t","protected":false},"excerpt":{"rendered":"<p>Informations Formations et Bapt\u00eame de Plong\u00e9e:Pour d\u00e9couvrir la plong\u00e9e, venez faire votre Bapt\u00eame \u00e0 partir de 8 ans et sur r\u00e9servation.Renseignements et r\u00e9servation aupr\u00e8s des membres du bureau ou http:\/\/dromies.fr Conditions \u00e0 remplir lors de l\u2019inscription : Avoir plus de 12 ans, Fournir la feuille d\u2019inscription d\u00fbment remplie, Fournir un certificat m\u00e9dical portant la mention<br \/><a class=\"moretag\" href=\"https:\/\/asvlb.fr\/index.php\/plongee\/\">+ Read More<\/a><\/p>\n","protected":false},"author":1,"featured_media":0,"parent":0,"menu_order":0,"comment_status":"closed","ping_status":"closed","template":"","meta":{"footnotes":""},"class_list":["post-34","page","type-page","status-publish","hentry"],"_links":{"self":[{"href":"https:\/\/asvlb.fr\/index.php\/wp-json\/wp\/v2\/pages\/34","targetHints":{"allow":["GET"]}}],"collection":[{"href":"https:\/\/asvlb.fr\/index.php\/wp-json\/wp\/v2\/pages"}],"about":[{"href":"https:\/\/asvlb.fr\/index.php\/wp-json\/wp\/v2\/types\/page"}],"author":[{"embeddable":true,"href":"https:\/\/asvlb.fr\/index.php\/wp-json\/wp\/v2\/users\/1"}],"replies":[{"embeddable":true,"href":"https:\/\/asvlb.fr\/index.php\/wp-json\/wp\/v2\/comments?post=34"}],"version-history":[{"count":183,"href":"https:\/\/asvlb.fr\/index.php\/wp-json\/wp\/v2\/pages\/34\/revisions"}],"predecessor-version":[{"id":3055,"href":"https:\/\/asvlb.fr\/index.php\/wp-json\/wp\/v2\/pages\/34\/revisions\/3055"}],"wp:attachment":[{"href":"https:\/\/asvlb.fr\/index.php\/wp-json\/wp\/v2\/media?parent=34"}],"curies":[{"name":"wp","href":"https:\/\/api.w.org\/{rel}","templated":true}]}}